{"id":1755,"date":"2023-06-26T15:40:16","date_gmt":"2023-06-26T13:40:16","guid":{"rendered":"https:\/\/new.whm.net\/conti-flachriemen\/"},"modified":"2024-05-15T13:43:59","modified_gmt":"2024-05-15T11:43:59","slug":"conti-flachriemen","status":"publish","type":"product","link":"https:\/\/whm.net\/en\/product\/drive-technology\/pu-flat-belts\/conti-flachriemen\/","title":{"rendered":"CONTI\u00aePOLYFLAT flat belts"},"content":{"rendered":"\n<h2>\n\t\tCONTI\u00ae POLYFLAT Flachriemen\n\t<\/h2>\n\t<p>Durch eine h\u00f6here Flexibilit\u00e4t und Traktion erm\u00f6glicht der CONTI\u00ae POLYFLAT Flachriemen kompakte Antriebe mit deutlich kleineren Scheibendurchmessern im Vergleich zu herk\u00f6mmlichen Antrieben mit Stahlseilen. Treibscheiben mit 100 mm Durchmesser und weniger erm\u00f6glichen den Einsatz platzsparender Getriebemotoren. Die stahlseilarmierten Riemen aus Polyurethan sind \u00e4u\u00dferst flexibel, abriebfest und langlebig. Durch verzinkten Stahl sind sie nahezu korrosionsfrei, ihre Polyurethanummantelung gew\u00e4hrleistet eine h\u00f6here Traktion und effizientere Kraft\u00fcbertragung. Zusammen mit z. B. balligen Scheiben sorgen sie f\u00fcr ausgezeichnete Kraft\u00fcbertragung und sehr guten Laufkomfort.<\/p>\n\t\t\t\t<img loading=\"lazy\" decoding=\"async\" src=\"https:\/\/whm.net\/wp-content\/uploads\/2023\/06\/conti-flachriemen-einstiegsmotiv-1.jpg\" alt=\"conti-flachriemen-einstiegsmotiv\" itemprop=\"image\" height=\"280\" width=\"280\" title=\"conti-flachriemen-einstiegsmotiv\" onerror=\"this.style.display='none'\">\n<h2>\n\t\t Eigenschaften (technische Besonderheiten)\n\t<\/h2>\n\t<ul>\n<li>temperaturbest\u00e4ndig von -30 \u00b0C bis +80 \u00b0C<\/li>\n<li>verschwei\u00dfbar mit Thermoplasten<\/li>\n<li>abriebfest<\/li>\n<li>silikonfreie Rohstoffe und Produktion<\/li>\n<li>benzin- und benzolbest\u00e4ndig<\/li>\n<li>\u00f6l- und fettbest\u00e4ndig<\/li>\n<li>UV- und ozonbest\u00e4ndig<\/li>\n<li>tropenbest\u00e4ndig<\/li>\n<li>geeignet f\u00fcr Gegenbiegung \/ R\u00fcckspannrollen<\/li>\n<li>wartungsfrei<\/li>\n<li>hydrolysebest\u00e4ndig<\/li>\n<\/ul>\n<h2>\n\t\tCONTI\u00ae POLYFLAT Flachriemen Profile\n\t<\/h2>\n\t<ul>\n<li>Profil: HF; Riemenbreite (mm): 10 &#8211; 100<\/li>\n<li>Profil: HP; Riemenbreite (mm): 10 &#8211; 120<\/li>\n<li>Profil: HS; Riemenbreite (mm): 10 &#8211; 120<\/li>\n<li>Profil: XHP; Riemenbreite (mm): 15 &#8211; 120<\/li>\n<li>Profil: XHP II; Riemenbreite (mm): 25 &#8211; 75<\/li>\n<li>Profil: XHS; Riemenbreite (mm): 40 &#8211; 150<\/li>\n<li>Profil: XHS II; Riemenbreite (mm): 85 &#8211; 150<\/li>\n<\/ul>\n\t<div class=\"downloads_plugin\">\n                    <h2 class=\"fl-heading\">\n                More Information            <\/h2>\n            <div class=\"plugin-content\">\n                <ul>\n                                <li>\n                        <a class=\"noautopdf\" href=\"https:\/\/whm.net\/wp-content\/uploads\/2023\/06\/ptg9301-deen-product-range-drive-belts-industry-5.pdf\">\n                            <img decoding=\"async\" src=\"\/wp-content\/uploads\/2023\/08\/PDF_file_icon.svg_.png\" alt=\"\" style=\"width: 14px; margin-right: 10px; position: relative; top: -3px;\">CONTI\u00ae POLYFLAT                        <\/a>\n                    <\/li>\n                            <\/ul>\n                                <div class=\"fl-rich-text\">\n                    <p>\n                        <a class=\"noautopdf\" href=\"\/en\/downloads\" target=\"_blank\" rel=\"noopener\">\n                            <img decoding=\"async\" src=\"https:\/\/whm.net\/wp-content\/uploads\/2023\/09\/3112408-not-breake.png\" alt=\"Downloads Icon\" style=\"width: 20px; margin-right: 5px; position: relative; top: -3px;\"><strong>You can find further PDFs in our downloads directory<\/strong>\n                        <\/a>\n                    <\/p>\n                <\/div>\n                \n            <\/div>\n<\/div>\t\t\t\t\n        \n<h2>\n\t\tDo you have questions?\n\t<\/h2>\n\t<p>We would be glad to advise you on your specific product requirements.<\/p>\n\t\t\t<a href=\"https:\/\/whm.net\/en\/contact\/\" target=\"_self\" rel=\"noopener\">\n\t\t\t\t\t\t\tCONSULTING\n\t\t\t\t\t<\/a>\n","protected":false},"excerpt":{"rendered":"<p>CONTI\u00ae POLYFLAT Flachriemen Durch eine h\u00f6here Flexibilit\u00e4t und Traktion erm\u00f6glicht der CONTI\u00ae POLYFLAT Flachriemen kompakte Antriebe mit deutlich kleineren Scheibendurchmessern im Vergleich zu herk\u00f6mmlichen Antrieben mit Stahlseilen. Treibscheiben mit 100 mm Durchmesser und weniger erm\u00f6glichen den Einsatz platzsparender Getriebemotoren. Die stahlseilarmierten Riemen aus Polyurethan sind \u00e4u\u00dferst flexibel, abriebfest und langlebig. Durch verzinkten Stahl sind sie&hellip;<\/p>\n","protected":false},"featured_media":0,"parent":1095,"menu_order":0,"template":"","meta":{"_seopress_robots_primary_cat":"none","_seopress_titles_title":"CONTI\u00aePOLYFLAT flat belts | WHM","_seopress_titles_desc":"CONTI\u00ae POLYFLAT flat belts: Compact, cost-saving designs with smaller pulleys. Steel-reinforced, flexible, abrasion-resistant, and corrosion-proof.","_seopress_robots_index":""},"class_list":["post-1755","product","type-product","status-publish","hentry"],"_links":{"self":[{"href":"https:\/\/whm.net\/en\/wp-json\/wp\/v2\/product\/1755","targetHints":{"allow":["GET"]}}],"collection":[{"href":"https:\/\/whm.net\/en\/wp-json\/wp\/v2\/product"}],"about":[{"href":"https:\/\/whm.net\/en\/wp-json\/wp\/v2\/types\/product"}],"up":[{"embeddable":true,"href":"https:\/\/whm.net\/en\/wp-json\/wp\/v2\/product\/1095"}],"wp:attachment":[{"href":"https:\/\/whm.net\/en\/wp-json\/wp\/v2\/media?parent=1755"}],"curies":[{"name":"wp","href":"https:\/\/api.w.org\/{rel}","templated":true}]}}