{"id":1100,"date":"2023-07-09T16:43:59","date_gmt":"2023-07-09T14:43:59","guid":{"rendered":"https:\/\/new.whm.net\/pu-zahnriemen-2\/"},"modified":"2025-08-12T13:52:34","modified_gmt":"2025-08-12T11:52:34","slug":"pu-timing-belts","status":"publish","type":"product","link":"https:\/\/whm.net\/en\/product\/drive-technology\/pu-timing-belts\/","title":{"rendered":"PU-timing belts"},"content":{"rendered":"\n<h2>\n\t\tPolyurethane timing belts BRECO\u00ae\n\t<\/h2>\n\t\t\t\t<img loading=\"lazy\" decoding=\"async\" src=\"https:\/\/whm.net\/wp-content\/uploads\/2023\/07\/breco_logo-160x80-1.png\" alt=\"breco_logo-160x80\" itemprop=\"image\" height=\"80\" width=\"160\" title=\"breco_logo-160x80\" onerror=\"this.style.display='none'\"  \/>\n\t\t\t\t<img decoding=\"async\" src=\"https:\/\/whm.net\/wp-content\/uploads\/2023\/06\/breco-zahnriemen_einleitungsbild-min.jpg\" alt=\"breco-zahnriemen_einleitungsbild-min\" itemprop=\"image\" title=\"breco-zahnriemen_einleitungsbild-min\" onerror=\"this.style.display='none'\"  \/>\n<h2>\n\t\tBRECO\u00ae timing belts\n\t<\/h2>\n\t<p>Precise movements, accurate positioning: The BRECO\u00ae timing belt is the first choice for special transport tasks in conveyor systems. It provides design engineers with a drive that is particularly suitable for implementing linear movements.<\/p>\n\t\t\t<a href=\"https:\/\/whm.net\/en\/product\/drive-technology\/pu-timing-belts\/breco-timing-belts\/\" target=\"_self\">\n\t\t\t\t\t\t\tMORE\n\t\t\t\t\t<\/a>\n\t\t\t\t<img decoding=\"async\" src=\"https:\/\/whm.net\/wp-content\/uploads\/2023\/06\/brecoflex-zahnriemen_einleitungsbild-min.jpg\" alt=\"brecoflex-zahnriemen_einleitungsbild-min\" itemprop=\"image\" title=\"brecoflex-zahnriemen_einleitungsbild-min\" onerror=\"this.style.display='none'\"  \/>\n<h2>\n\t\tBRECOFLEX\u00ae timing belts\n\t<\/h2>\n\t<p>Great transmission accuracy, ideal running behaviour, high power density: BRECOFLEX\u00ae timing belts reveal their strengths in applications from simple two-shaft drives to multi-shaft drives, but in particular in drives requiring high power transmission and in positioning applications.<\/p>\n\t\t\t<a href=\"https:\/\/whm.net\/en\/product\/drive-technology\/pu-timing-belts\/brecoflex-timing-belts\/\" target=\"_self\">\n\t\t\t\t\t\t\tMORE\n\t\t\t\t\t<\/a>\n\t\t\t\t<img decoding=\"async\" src=\"https:\/\/whm.net\/wp-content\/uploads\/2023\/06\/brecoflex-move_einleitungsbild.jpg\" alt=\"brecoflex-move_einleitungsbild\" itemprop=\"image\" title=\"brecoflex-move_einleitungsbild\" onerror=\"this.style.display='none'\"  \/>\n<h2>\n\t\tBRECOFLEXmove\u00ae\n\t<\/h2>\n\t<p>Compact designs, reduced friction, greater power transmission: The innovative PU timing belts BRECOFLEXmove\u00ae and BRECOmove\u00ae, which were specially developed for heavy-duty drives and traction drives with extremely high demands for rigidity, are capable of particularly high power transmission.<\/p>\n\t\t\t<a href=\"https:\/\/whm.net\/en\/product\/drive-technology\/pu-timing-belts\/brecomove-brecoflex\/\" target=\"_self\">\n\t\t\t\t\t\t\tMORE\n\t\t\t\t\t<\/a>\n\t\t\t\t<img decoding=\"async\" src=\"https:\/\/whm.net\/wp-content\/uploads\/2023\/06\/breco-atn-system_einleitungsbild-min.jpg\" alt=\"breco-atn-system_einleitungsbild-min\" itemprop=\"image\" title=\"breco-atn-system_einleitungsbild-min\" onerror=\"this.style.display='none'\"  \/>\n<h2>\n\t\tBRECO\u00ae ATN-System\n\t<\/h2>\n\t<p>Flexibility is standard for the BRECO\u00ae ATN system timing belt, which was specially designed for transport systems. Its profile fastening mechanisms are easy to install and replace, making it possible to integrate various profile materials such as metal, plastic or ceramics.<\/p>\n\t\t\t<a href=\"https:\/\/whm.net\/en\/product\/drive-technology\/pu-timing-belts\/breco-atn-system-2\/\" target=\"_self\">\n\t\t\t\t\t\t\tMORE\n\t\t\t\t\t<\/a>\n\t\t\t\t<img decoding=\"async\" src=\"https:\/\/whm.net\/wp-content\/uploads\/2023\/06\/brecobasic_einleitungsbild-min.jpg\" alt=\"brecobasic_einleitungsbild-min\" itemprop=\"image\" title=\"brecobasic_einleitungsbild-min\" onerror=\"this.style.display='none'\"  \/>\n<h2>\n\t\t BRECObasic\u00ae\n\t<\/h2>\n\t<p>Attractively priced brand product for linear and transport systems: BRECObasic\u00ae is characterised by a high product quality and a wide range of application options, e.g. feeding and discharge or destacking of glass and wood pallets.<\/p>\n\t\t\t<a href=\"https:\/\/whm.net\/en\/product\/drive-technology\/pu-timing-belts\/brecobasic\/\" target=\"_self\">\n\t\t\t\t\t\t\tMORE\n\t\t\t\t\t<\/a>\n\t\t\t\t<img decoding=\"async\" src=\"https:\/\/whm.net\/wp-content\/uploads\/2023\/06\/brecogreen_einleitungsbild.jpg\" alt=\"brecogreen_einleitungsbild\" itemprop=\"image\" title=\"brecogreen_einleitungsbild\" onerror=\"this.style.display='none'\"  \/>\n<h2>\n\t\t BRECOgreen\n\t<\/h2>\n\t<p>Smart optimisation of material use: With a renewable material content of 37%, BRECOgreen combines economy and ecology. At the same time, it is just as durable and long-lasting as timing belts made of oil-based thermoplastic polyurethane.<\/p>\n\t\t\t<a href=\"https:\/\/whm.net\/en\/product\/drive-technology\/pu-timing-belts\/brecogreen\/\" target=\"_self\">\n\t\t\t\t\t\t\tMORE\n\t\t\t\t\t<\/a>\n\t\t\t\t<img loading=\"lazy\" decoding=\"async\" src=\"https:\/\/whm.net\/wp-content\/uploads\/2023\/07\/brecoprotect_einleitungsbild-min.jpg\" alt=\"brecoprotect_einleitungsbild-min\" itemprop=\"image\" height=\"280\" width=\"280\" title=\"brecoprotect_einleitungsbild-min\" onerror=\"this.style.display='none'\"  \/>\n<h2>\n\t\tBRECOprotect\u00ae\n\t<\/h2>\n\t<p>Food safety authorities set high standards &#8211; BRECOprotect\u00ae meets them. The product line with its distinctive blue color is designed to comply with the conformity criteria of European directives and EC directives. BRECOprotect\u00ae was developed specifically for use in humid environments and for contact with sensitive products.<\/p>\n\t\t\t<a href=\"https:\/\/whm.net\/en\/product\/drive-technology\/pu-timing-belts\/brecoprotect\/\" target=\"_self\">\n\t\t\t\t\t\t\tMORE\n\t\t\t\t\t<\/a>\n<h2>\n\t\tPolyurethane timing belts Continental\n\t<\/h2>\n\t\t\t\t<img loading=\"lazy\" decoding=\"async\" src=\"https:\/\/whm.net\/wp-content\/uploads\/2023\/07\/continental_logo2-300x134-1.png\" alt=\"continental_logo2-300x134\" itemprop=\"image\" height=\"134\" width=\"300\" title=\"continental_logo2-300x134\" onerror=\"this.style.display='none'\"  \/>\n\t\t\t\t<img decoding=\"async\" src=\"https:\/\/whm.net\/wp-content\/uploads\/2023\/06\/conti-synchroflex_einleitungsbild.jpg\" alt=\"conti-synchroflex_einleitungsbild\" itemprop=\"image\" title=\"conti-synchroflex_einleitungsbild\" onerror=\"this.style.display='none'\"  \/>\n<h2>\n\t\tCONTI\u00ae SYNCHROFLEX\n\t<\/h2>\n\t<p>Thanks to their high-quality material components, CONTI\u00ae SYNCHROFLEX polyurethane timing belts are extremely powerful. An excellent connection between the wear-proof polyurethane and the highly rigid steel cord tension<\/p>\n\t\t\t<a href=\"https:\/\/whm.net\/en\/product\/drive-technology\/pu-timing-belts\/conti-synchroflex\/\" target=\"_self\">\n\t\t\t\t\t\t\tMORE\n\t\t\t\t\t<\/a>\n\t\t\t\t<img decoding=\"async\" src=\"https:\/\/whm.net\/wp-content\/uploads\/2023\/06\/conti-synchroflex-gen-iii_einleitungsbild.jpg\" alt=\"conti-synchroflex-gen-iii_einleitungsbild\" itemprop=\"image\" title=\"conti-synchroflex-gen-iii_einleitungsbild\" onerror=\"this.style.display='none'\"  \/>\n<h2>\n\t\t CONTI\u00ae SYNCHROFLEX GEN III\n\t<\/h2>\n\t<p>Thanks to their high-quality material components, CONTI\u00ae SYNCHROFLEX polyurethane timing belts are extremely powerful. An excellent connection between the wear-proof polyurethane and the highly<\/p>\n\t\t\t<a href=\"https:\/\/whm.net\/en\/product\/drive-technology\/pu-timing-belts\/conti-synchroflex-gen-iii\/\" target=\"_self\">\n\t\t\t\t\t\t\tMORE\n\t\t\t\t\t<\/a>\n\t\t\t\t<img decoding=\"async\" src=\"https:\/\/whm.net\/wp-content\/uploads\/2023\/06\/conti-synchrochain-carbon_einleitungsbild.jpg\" alt=\"conti-synchrochain-carbon_einleitungsbild\" itemprop=\"image\" title=\"conti-synchrochain-carbon_einleitungsbild\" onerror=\"this.style.display='none'\"  \/>\n<h2>\n\t\t CONTI\u00ae SYNCHROCHAIN CARBON\n\t<\/h2>\n\t<p>Carbon macht den Unterschied! H\u00f6here Leistungs\u00fcbertragung, l\u00e4ngere Laufzeiten, kaum &#8230;<\/p>\n\t\t\t<a href=\"https:\/\/whm.net\/en\/product\/drive-technology\/pu-timing-belts\/conti-synchrochain-carbon\/\" target=\"_self\">\n\t\t\t\t\t\t\tMORE\n\t\t\t\t\t<\/a>\n\t\t\t\t<img decoding=\"async\" src=\"https:\/\/whm.net\/wp-content\/uploads\/2023\/06\/conti-synchrodrive-n10_einleitungsbild.jpg\" alt=\"conti-synchrodrive-n10_einleitungsbild\" itemprop=\"image\" title=\"conti-synchrodrive-n10_einleitungsbild\" onerror=\"this.style.display='none'\"  \/>\n<h2>\n\t\tCONTI \u00ae SYNCHRODRIVE N10\n\t<\/h2>\n\t<p>Der CONTI\u00ae SYNCHRODRIVE N10 Noppenriemen bildet zusammen mit abgestimmten Komponenten ein variables Komplettsystem, das neuartige Antriebskonstruktionen wie auch v\u00f6llig neue Anwendungen<\/p>\n\t\t\t<a href=\"https:\/\/whm.net\/en\/product\/drive-technology\/pu-timing-belts\/conti-synchrodrive-n10\/\" target=\"_self\">\n\t\t\t\t\t\t\tMORE\n\t\t\t\t\t<\/a>\n\t\t\t\t<img decoding=\"async\" src=\"https:\/\/whm.net\/wp-content\/uploads\/2023\/06\/conti-synchrodrive_einleitungsbild.jpg\" alt=\"conti-synchrodrive_einleitungsbild\" itemprop=\"image\" title=\"conti-synchrodrive_einleitungsbild\" onerror=\"this.style.display='none'\"  \/>\n<h2>\n\t\t CONTI\u00ae SYNCHRODRIVE\n\t<\/h2>\n\t<p>CONTI\u00ae SYNCHRODRIVE Zahnriemen werden in 10 Zahnprofilen und mehreren Standardbreiten gefertigt. Damit decken sie weite Einsatzgebiete mit unterschiedlichsten Belastungen und<\/p>\n\t\t\t<a href=\"https:\/\/whm.net\/en\/product\/drive-technology\/pu-timing-belts\/conti-synchrodrive\/\" target=\"_self\">\n\t\t\t\t\t\t\tMORE\n\t\t\t\t\t<\/a>\n\n","protected":false},"excerpt":{"rendered":"<p>Polyurethane timing belts BRECO\u00ae BRECO\u00ae timing belts Precise movements, accurate positioning: The BRECO\u00ae timing belt is the first choice for special transport tasks in conveyor systems. It provides design engineers with a drive that is particularly suitable for implementing linear movements. MORE BRECOFLEX\u00ae timing belts Great transmission accuracy, ideal running behaviour, high power density: BRECOFLEX\u00ae&hellip;<\/p>\n","protected":false},"featured_media":0,"parent":2267,"menu_order":0,"template":"","meta":{"_seopress_robots_primary_cat":"none","_seopress_titles_title":"PU-timing belts | WHM","_seopress_titles_desc":"Explore our range of polyurethane timing belts from BRECO\u00ae and Continental, suitable for various drive solutions. Perfect for your requirements.&quot;","_seopress_robots_index":""},"class_list":["post-1100","product","type-product","status-publish","hentry"],"_links":{"self":[{"href":"https:\/\/whm.net\/en\/wp-json\/wp\/v2\/product\/1100","targetHints":{"allow":["GET"]}}],"collection":[{"href":"https:\/\/whm.net\/en\/wp-json\/wp\/v2\/product"}],"about":[{"href":"https:\/\/whm.net\/en\/wp-json\/wp\/v2\/types\/product"}],"up":[{"embeddable":true,"href":"https:\/\/whm.net\/en\/wp-json\/wp\/v2\/product\/2267"}],"wp:attachment":[{"href":"https:\/\/whm.net\/en\/wp-json\/wp\/v2\/media?parent=1100"}],"curies":[{"name":"wp","href":"https:\/\/api.w.org\/{rel}","templated":true}]}}